{"id":221,"date":"2024-11-24T21:42:32","date_gmt":"2024-11-25T00:42:32","guid":{"rendered":"https:\/\/solucaoparavoce.com\/?page_id=221"},"modified":"2024-11-28T21:15:04","modified_gmt":"2024-11-29T00:15:04","slug":"trabalhe-conosco","status":"publish","type":"page","link":"https:\/\/solucaoparavoce.com\/index.php\/trabalhe-conosco\/","title":{"rendered":"Trabalhe Conosco"},"content":{"rendered":"\n<p><strong>N\u00e3o recebemos curr\u00edculos, n\u00f3s fazemos curr\u00edculos!<\/strong><\/p>\n\n\n\n<p class=\"has-text-align-left\"><em>Estamos recebendo cadastros de pessoas para oportunidades de trabalho em \u00e1reas diversas, contribuindo para forma\u00e7\u00e3o e qualifica\u00e7\u00e3o de profissionais dentro de nossa empresa e empresas parceiras, ampliando suas chances de contrata\u00e7\u00e3o. <\/em><\/p>\n\n\n\n<p class=\"has-text-align-left\"><em>Venha fazer parte dessa rede de oportunidades, abra o formul\u00e1rio abaixo, preencha com aten\u00e7\u00e3o e nos envie, ai \u00e9 s\u00f3 aguardar.<\/em><\/p>\n\n\n\n<p><a href=\"https:\/\/forms.gle\/74atXZsLd2VEMGiX6\"><strong>https:\/\/forms.gle\/74atXZsLd2VEMGiX6<\/strong><\/a><\/p>\n\n\n\n<p><\/p>\n","protected":false},"excerpt":{"rendered":"<p>N\u00e3o recebemos curr\u00edculos, n\u00f3s fazemos curr\u00edculos! Estamos recebendo cadastros de pessoas para oportunidades de trabalho em \u00e1reas diversas, contribuindo para forma\u00e7\u00e3o e qualifica\u00e7\u00e3o de profissionais dentro de nossa empresa e empresas parceiras, ampliando suas chances de contrata\u00e7\u00e3o. Venha fazer parte dessa rede de oportunidades, abra o formul\u00e1rio abaixo, preencha com aten\u00e7\u00e3o e nos envie, ai [&hellip;]<\/p>\n","protected":false},"author":1,"featured_media":0,"parent":0,"menu_order":0,"comment_status":"closed","ping_status":"closed","template":"","meta":{"footnotes":""},"class_list":["post-221","page","type-page","status-publish","hentry","post"],"_links":{"self":[{"href":"https:\/\/solucaoparavoce.com\/index.php\/wp-json\/wp\/v2\/pages\/221","targetHints":{"allow":["GET"]}}],"collection":[{"href":"https:\/\/solucaoparavoce.com\/index.php\/wp-json\/wp\/v2\/pages"}],"about":[{"href":"https:\/\/solucaoparavoce.com\/index.php\/wp-json\/wp\/v2\/types\/page"}],"author":[{"embeddable":true,"href":"https:\/\/solucaoparavoce.com\/index.php\/wp-json\/wp\/v2\/users\/1"}],"replies":[{"embeddable":true,"href":"https:\/\/solucaoparavoce.com\/index.php\/wp-json\/wp\/v2\/comments?post=221"}],"version-history":[{"count":6,"href":"https:\/\/solucaoparavoce.com\/index.php\/wp-json\/wp\/v2\/pages\/221\/revisions"}],"predecessor-version":[{"id":237,"href":"https:\/\/solucaoparavoce.com\/index.php\/wp-json\/wp\/v2\/pages\/221\/revisions\/237"}],"wp:attachment":[{"href":"https:\/\/solucaoparavoce.com\/index.php\/wp-json\/wp\/v2\/media?parent=221"}],"curies":[{"name":"wp","href":"https:\/\/api.w.org\/{rel}","templated":true}]}}