{"id":36,"date":"2023-06-08T21:04:28","date_gmt":"2023-06-09T00:04:28","guid":{"rendered":"https:\/\/solucaoparavoce.com\/?page_id=36"},"modified":"2024-07-19T15:46:15","modified_gmt":"2024-07-19T18:46:15","slug":"pagina-inicial","status":"publish","type":"page","link":"https:\/\/solucaoparavoce.com\/","title":{"rendered":"P\u00e1gina Inicial"},"content":{"rendered":"<div id=\"pl-36\"  class=\"panel-layout\" ><div id=\"pg-36-0\"  class=\"panel-grid panel-no-style\" ><div id=\"pgc-36-0-0\"  class=\"panel-grid-cell\" ><div id=\"panel-36-0-0-0\" class=\"so-panel widget widget_circleicon-widget panel-first-child panel-last-child\" data-index=\"0\" >\t\t<div class=\"circle-icon-box circle-icon-position-top circle-icon-hide-box circle-icon-size-small \">\n\t\t\t\t\t\t\t<div class=\"circle-icon-wrapper\">\n\t\t\t\t\t\t\t\t\t\t<div class=\"circle-icon\" >\n\t\t\t\t\t\t\t\t\t\t\t\t\t<div class=\"fa fa-pencil-square-o\" ><\/div>\n\t\t\t\t\t\t\t\t\t\t\t<\/div>\n\t\t\t\t\t\t\t\t\t<\/div>\n\t\t\t\n\t\t\t\t\t\t\t\t\t\t<h4 >\n\t\t\t\t\tConsultoria em Tecnologia\t\t\t\t<\/h4>\n\t\t\t\t\t\t\n\t\t\t\t\t\t\t<p class=\"text\" >A finalidade da nossa consultoria \u00e9 levantar suas necessidades por meio de diagn\u00f3sticos e processos, identificar solu\u00e7\u00f5es e, ent\u00e3o, recomendar a\u00e7\u00f5es de melhoria.<\/p>\n\t\t\t\t\t\t\t\t<\/div>\n\t\t<\/div><\/div><div id=\"pgc-36-0-1\"  class=\"panel-grid-cell\" ><div id=\"panel-36-0-1-0\" class=\"so-panel widget widget_circleicon-widget panel-first-child panel-last-child\" data-index=\"1\" >\t\t<div class=\"circle-icon-box circle-icon-position-top circle-icon-hide-box circle-icon-size-small \">\n\t\t\t\t\t\t\t<div class=\"circle-icon-wrapper\">\n\t\t\t\t\t\t\t\t\t\t<div class=\"circle-icon\" >\n\t\t\t\t\t\t\t\t\t\t\t\t\t<div class=\"fa fa-check\" ><\/div>\n\t\t\t\t\t\t\t\t\t\t\t<\/div>\n\t\t\t\t\t\t\t\t\t<\/div>\n\t\t\t\n\t\t\t\t\t\t\t\t\t\t<h4 >\n\t\t\t\t\tTecnologia de Ponta\t\t\t\t<\/h4>\n\t\t\t\t\t\t\n\t\t\t\t\t\t\t<p class=\"text\" >Utilizamos as mais recentes tecnologias de mercado, para garantir a melhor efici\u00eancia do seu neg\u00f3cio.<\/p>\n\t\t\t\t\t\t\t\t<\/div>\n\t\t<\/div><\/div><div id=\"pgc-36-0-2\"  class=\"panel-grid-cell\" ><div id=\"panel-36-0-2-0\" class=\"so-panel widget widget_circleicon-widget panel-first-child panel-last-child\" data-index=\"2\" >\t\t<div class=\"circle-icon-box circle-icon-position-top circle-icon-hide-box circle-icon-size-small \">\n\t\t\t\t\t\t\t<div class=\"circle-icon-wrapper\">\n\t\t\t\t\t\t\t\t\t\t<div class=\"circle-icon\" >\n\t\t\t\t\t\t\t\t\t\t\t\t\t<div class=\"fa fa-clock-o\" ><\/div>\n\t\t\t\t\t\t\t\t\t\t\t<\/div>\n\t\t\t\t\t\t\t\t\t<\/div>\n\t\t\t\n\t\t\t\t\t\t\t\t\t\t<h4 >\n\t\t\t\t\tRapidez e Praticidade\t\t\t\t<\/h4>\n\t\t\t\t\t\t\n\t\t\t\t\t\t\t<p class=\"text\" >Utilizamos t\u00e9cnicas de resolu\u00e7\u00e3o de problemas baseadas em SLA's e manuten\u00e7\u00f5es programadas.<\/p>\n\t\t\t\t\t\t\t\t<\/div>\n\t\t<\/div><\/div><\/div><div id=\"pg-36-1\"  class=\"panel-grid panel-has-style\" ><div class=\"wide-grey panel-row-style panel-row-style-for-36-1\" ><div id=\"pgc-36-1-0\"  class=\"panel-grid-cell\" ><div id=\"panel-36-1-0-0\" class=\"so-panel widget widget_headline-widget panel-first-child\" data-index=\"3\" >\t\t<h1>S\u00e3o 13 anos de mercado garantindo sempre o bem estar de nossos clientes!<\/h1>\n\t\t<div class=\"decoration\"><div class=\"decoration-inside\"><\/div><\/div>\n\t\t<h3>alguns de nossos clientes<\/h3>\n\t\t<\/div><div id=\"panel-36-1-0-1\" class=\"so-panel widget widget_media_gallery panel-last-child\" data-index=\"4\" >\n\t\t<style type=\"text\/css\">\n\t\t\t#gallery-1 {\n\t\t\t\tmargin: auto;\n\t\t\t}\n\t\t\t#gallery-1 .gallery-item {\n\t\t\t\tfloat: left;\n\t\t\t\tmargin-top: 10px;\n\t\t\t\ttext-align: center;\n\t\t\t\twidth: 20%;\n\t\t\t}\n\t\t\t#gallery-1 img {\n\t\t\t\tborder: 2px solid #cfcfcf;\n\t\t\t}\n\t\t\t#gallery-1 .gallery-caption {\n\t\t\t\tmargin-left: 0;\n\t\t\t}\n\t\t\t\/* see gallery_shortcode() in wp-includes\/media.php *\/\n\t\t<\/style>\n\t\t<div id='gallery-1' class='gallery galleryid-36 gallery-columns-5 gallery-size-thumbnail'><dl class='gallery-item'>\n\t\t\t<dt class='gallery-icon landscape'>\n\t\t\t\t<img loading=\"lazy\" decoding=\"async\" width=\"150\" height=\"70\" src=\"https:\/\/solucaoparavoce.com\/wp-content\/uploads\/2023\/06\/SuperMarioLogo-150x70.png\" class=\"attachment-thumbnail size-thumbnail\" alt=\"\" \/>\n\t\t\t<\/dt><\/dl><dl class='gallery-item'>\n\t\t\t<dt class='gallery-icon landscape'>\n\t\t\t\t<img loading=\"lazy\" decoding=\"async\" width=\"150\" height=\"70\" src=\"https:\/\/solucaoparavoce.com\/wp-content\/uploads\/2023\/06\/CasaDaVerduraLogo-150x70.png\" class=\"attachment-thumbnail size-thumbnail\" alt=\"\" \/>\n\t\t\t<\/dt><\/dl><dl class='gallery-item'>\n\t\t\t<dt class='gallery-icon landscape'>\n\t\t\t\t<img loading=\"lazy\" decoding=\"async\" width=\"150\" height=\"70\" src=\"https:\/\/solucaoparavoce.com\/wp-content\/uploads\/2023\/06\/santateresinha-150x70.png\" class=\"attachment-thumbnail size-thumbnail\" alt=\"\" \/>\n\t\t\t<\/dt><\/dl><dl class='gallery-item'>\n\t\t\t<dt class='gallery-icon landscape'>\n\t\t\t\t<img loading=\"lazy\" decoding=\"async\" width=\"150\" height=\"70\" src=\"https:\/\/solucaoparavoce.com\/wp-content\/uploads\/2023\/06\/postosanta-150x70.png\" class=\"attachment-thumbnail size-thumbnail\" alt=\"\" \/>\n\t\t\t<\/dt><\/dl><dl class='gallery-item'>\n\t\t\t<dt class='gallery-icon landscape'>\n\t\t\t\t<img loading=\"lazy\" decoding=\"async\" width=\"150\" height=\"70\" src=\"https:\/\/solucaoparavoce.com\/wp-content\/uploads\/2023\/06\/sandeson-150x70.png\" class=\"attachment-thumbnail size-thumbnail\" alt=\"\" \/>\n\t\t\t<\/dt><\/dl><br style=\"clear: both\" \/><dl class='gallery-item'>\n\t\t\t<dt class='gallery-icon landscape'>\n\t\t\t\t<img loading=\"lazy\" decoding=\"async\" width=\"150\" height=\"71\" src=\"https:\/\/solucaoparavoce.com\/wp-content\/uploads\/2023\/06\/wglogo-150x71.png\" class=\"attachment-thumbnail size-thumbnail\" alt=\"\" \/>\n\t\t\t<\/dt><\/dl><dl class='gallery-item'>\n\t\t\t<dt class='gallery-icon landscape'>\n\t\t\t\t<img loading=\"lazy\" decoding=\"async\" width=\"150\" height=\"70\" src=\"https:\/\/solucaoparavoce.com\/wp-content\/uploads\/2023\/06\/gontijologo-150x70.png\" class=\"attachment-thumbnail size-thumbnail\" alt=\"\" \/>\n\t\t\t<\/dt><\/dl><dl class='gallery-item'>\n\t\t\t<dt class='gallery-icon landscape'>\n\t\t\t\t<img loading=\"lazy\" decoding=\"async\" width=\"150\" height=\"70\" src=\"https:\/\/solucaoparavoce.com\/wp-content\/uploads\/2023\/06\/ealogo-150x70.png\" class=\"attachment-thumbnail size-thumbnail\" alt=\"\" \/>\n\t\t\t<\/dt><\/dl><dl class='gallery-item'>\n\t\t\t<dt class='gallery-icon landscape'>\n\t\t\t\t<img loading=\"lazy\" decoding=\"async\" width=\"150\" height=\"71\" src=\"https:\/\/solucaoparavoce.com\/wp-content\/uploads\/2023\/06\/rafaellogo-150x71.png\" class=\"attachment-thumbnail size-thumbnail\" alt=\"\" \/>\n\t\t\t<\/dt><\/dl><dl class='gallery-item'>\n\t\t\t<dt class='gallery-icon landscape'>\n\t\t\t\t<img loading=\"lazy\" decoding=\"async\" width=\"150\" height=\"71\" src=\"https:\/\/solucaoparavoce.com\/wp-content\/uploads\/2023\/06\/helbecylogo-150x71.png\" class=\"attachment-thumbnail size-thumbnail\" alt=\"\" \/>\n\t\t\t<\/dt><\/dl><br style=\"clear: both\" \/>\n\t\t<\/div>\n<\/div><\/div><\/div><\/div><div id=\"pg-36-2\"  class=\"panel-grid panel-no-style\" ><div id=\"pgc-36-2-0\"  class=\"panel-grid-cell\" ><div id=\"panel-36-2-0-0\" class=\"so-panel widget widget_sow-post-carousel panel-first-child panel-last-child\" data-index=\"5\" ><div\n\t\t\t\n\t\t\tclass=\"so-widget-sow-post-carousel so-widget-sow-post-carousel-base-112561ea2653-36\"\n\t\t\t\n\t\t>\t<div\n\t\tclass=\"sow-post-carousel-wrapper sow-post-carousel-theme-base\"\n\t\tstyle=\"overflow: hidden; max-width: 100%; min-height: 182px\"\n\t>\n\t\t<div class=\"sow-carousel-title has-title\">\n\t<h3 class=\"widget-title\">\u00daltimas Not\u00edcias<\/h3>\t\t<div class=\"sow-carousel-navigation \">\n\t\t\t\t\t\t<a href=\"#\" class=\"sow-carousel-next\" title=\"Pr\u00f3ximo\" aria-label=\"Next Posts\" role=\"button\"><\/a>\n\t\t\t\t\t\t<a href=\"#\" class=\"sow-carousel-previous\" title=\"Anterior\" aria-label=\"Previous Posts\" role=\"button\"><\/a>\n\t\t\t\t\t<\/div>\n\t<\/div>\n\n<div class=\"sow-carousel-container \">\n\t\t<div class=\"sow-carousel-wrapper\"\n\t\tdata-dir=\"ltr\"\n\t\tstyle=\"opacity: 0;\"\n\t\tdata-widget=\"post\" data-fetching=\"false\" data-page=\"1\" data-ajax-url=\"https:\/\/solucaoparavoce.com\/wp-admin\/admin-ajax.php?_widgets_nonce=20aa905d28\" data-item_count=\"4\" data-carousel_settings=\"{&quot;loop&quot;:true,&quot;animation&quot;:&quot;Ease&quot;,&quot;animation_speed&quot;:800,&quot;autoplay&quot;:true,&quot;pauseOnHover&quot;:true,&quot;autoplaySpeed&quot;:8000,&quot;item_overflow&quot;:true,&quot;autoplay_continuous_scroll&quot;:true}\" data-responsive=\"{&quot;desktop_slides_to_scroll&quot;:1,&quot;tablet_landscape_breakpoint&quot;:1366,&quot;tablet_landscape_slides_to_scroll&quot;:2,&quot;tablet_portrait_breakpoint&quot;:1025,&quot;tablet_portrait_slides_to_scroll&quot;:2,&quot;mobile_breakpoint&quot;:480,&quot;mobile_slides_to_scroll&quot;:1}\" data-variable_width=\"true\" \t>\n\t\t<div\n\t\t\tclass=\"sow-carousel-items\"\n\t\t\t\t\t>\n\t\t\t\t<div class=\"sow-carousel-item\" tabindex=\"-1\" style=\"float: left;\">\n\t\t<div class=\"sow-carousel-thumbnail\">\n\t\t\t\t\t\t\t<a\n\t\t\t\t\thref=\"https:\/\/solucaoparavoce.com\/index.php\/2023\/06\/10\/fazendas-de-mt-utilizam-tecnologia-nos-processos-agricolas-e-obtem-ganho-de-ate-40-na-produtividade-diz-pesquisa\/\"\n\t\t\t\t\t\t\t\t\t\tstyle=\"background-image: url( https:\/\/solucaoparavoce.com\/wp-content\/uploads\/2023\/06\/maquinas-272x182.jpg )\"\n\t\t\t\t\taria-labelledby=\"sow-carousel-id-193\"\n\t\t\t\t\ttabindex=\"-1\"\n\t\t\t\t>\n\t\t\t\t\t<span class=\"overlay\"><\/span>\n\t\t\t\t<\/a>\n\t\t\t\t\t<\/div>\n\t\t<h3 class=\"sow-carousel-item-title\">\n\t\t\t<a\n\t\t\t\thref=\"https:\/\/solucaoparavoce.com\/index.php\/2023\/06\/10\/fazendas-de-mt-utilizam-tecnologia-nos-processos-agricolas-e-obtem-ganho-de-ate-40-na-produtividade-diz-pesquisa\/\"\n\t\t\t\tid=\"sow-carousel-id-193\"\n\t\t\t\t\t\t\t\ttabindex=\"-1\"\n\t\t\t>\n\n\t\t\t\tFazendas de MT utilizam tecnologia nos processos agr\u00edcolas e obt\u00e9m ganho de at\u00e9 40% na produtividade, diz pesquisa\t\t\t<\/a>\n\t\t<\/h3>\n\t<\/div>\n\t<div class=\"sow-carousel-item\" tabindex=\"-1\" style=\"float: left;\">\n\t\t<div class=\"sow-carousel-thumbnail\">\n\t\t\t\t\t\t\t<a\n\t\t\t\t\thref=\"https:\/\/solucaoparavoce.com\/index.php\/2023\/06\/10\/crianca-precisa-de-orientacao-para-entender-a-dimensao-do-tiktok-diz-educador\/\"\n\t\t\t\t\t\t\t\t\t\tstyle=\"background-image: url( https:\/\/solucaoparavoce.com\/wp-content\/uploads\/2023\/06\/crianca-tiktok-272x182.jpeg )\"\n\t\t\t\t\taria-labelledby=\"sow-carousel-id-185\"\n\t\t\t\t\ttabindex=\"-1\"\n\t\t\t\t>\n\t\t\t\t\t<span class=\"overlay\"><\/span>\n\t\t\t\t<\/a>\n\t\t\t\t\t<\/div>\n\t\t<h3 class=\"sow-carousel-item-title\">\n\t\t\t<a\n\t\t\t\thref=\"https:\/\/solucaoparavoce.com\/index.php\/2023\/06\/10\/crianca-precisa-de-orientacao-para-entender-a-dimensao-do-tiktok-diz-educador\/\"\n\t\t\t\tid=\"sow-carousel-id-185\"\n\t\t\t\t\t\t\t\ttabindex=\"-1\"\n\t\t\t>\n\n\t\t\t\tCrian\u00e7a precisa de orienta\u00e7\u00e3o para entender a dimens\u00e3o do TikTok, diz educador\t\t\t<\/a>\n\t\t<\/h3>\n\t<\/div>\n\t<div class=\"sow-carousel-item\" tabindex=\"-1\" style=\"float: left;\">\n\t\t<div class=\"sow-carousel-thumbnail\">\n\t\t\t\t\t\t\t<a\n\t\t\t\t\thref=\"https:\/\/solucaoparavoce.com\/index.php\/2023\/06\/10\/starlink-banda-larga-de-elon-musk-derruba-preco-no-brasil\/\"\n\t\t\t\t\t\t\t\t\t\tstyle=\"background-image: url( https:\/\/solucaoparavoce.com\/wp-content\/uploads\/2023\/06\/starlink-ut-rooftop-cropped-272x182.jpg )\"\n\t\t\t\t\taria-labelledby=\"sow-carousel-id-138\"\n\t\t\t\t\ttabindex=\"-1\"\n\t\t\t\t>\n\t\t\t\t\t<span class=\"overlay\"><\/span>\n\t\t\t\t<\/a>\n\t\t\t\t\t<\/div>\n\t\t<h3 class=\"sow-carousel-item-title\">\n\t\t\t<a\n\t\t\t\thref=\"https:\/\/solucaoparavoce.com\/index.php\/2023\/06\/10\/starlink-banda-larga-de-elon-musk-derruba-preco-no-brasil\/\"\n\t\t\t\tid=\"sow-carousel-id-138\"\n\t\t\t\t\t\t\t\ttabindex=\"-1\"\n\t\t\t>\n\n\t\t\t\tStarlink: banda larga de Elon Musk derruba pre\u00e7o no Brasil\t\t\t<\/a>\n\t\t<\/h3>\n\t<\/div>\n\t<div class=\"sow-carousel-item\" tabindex=\"-1\" style=\"float: left;\">\n\t\t<div class=\"sow-carousel-thumbnail\">\n\t\t\t\t\t\t\t<a\n\t\t\t\t\thref=\"https:\/\/solucaoparavoce.com\/index.php\/2023\/06\/10\/tecnologia-a-seu-favor-4-maneiras-de-ganhar-dinheiro-com-o-chatgpt\/\"\n\t\t\t\t\t\t\t\t\t\tstyle=\"background-image: url( https:\/\/solucaoparavoce.com\/wp-content\/uploads\/2023\/06\/4-maneiras-de-ganhar-dinheiro-facil-com-o-chatgpt-e-outras-inteligencias-artif-272x182.jpg )\"\n\t\t\t\t\taria-labelledby=\"sow-carousel-id-133\"\n\t\t\t\t\ttabindex=\"-1\"\n\t\t\t\t>\n\t\t\t\t\t<span class=\"overlay\"><\/span>\n\t\t\t\t<\/a>\n\t\t\t\t\t<\/div>\n\t\t<h3 class=\"sow-carousel-item-title\">\n\t\t\t<a\n\t\t\t\thref=\"https:\/\/solucaoparavoce.com\/index.php\/2023\/06\/10\/tecnologia-a-seu-favor-4-maneiras-de-ganhar-dinheiro-com-o-chatgpt\/\"\n\t\t\t\tid=\"sow-carousel-id-133\"\n\t\t\t\t\t\t\t\ttabindex=\"-1\"\n\t\t\t>\n\n\t\t\t\tTecnologia a seu favor: 4 maneiras de ganhar dinheiro com o ChatGPT\t\t\t<\/a>\n\t\t<\/h3>\n\t<\/div>\n\t\t<\/div>\n\t\t\t<\/div>\n\n\t<\/div>\n\t\t<input type=\"hidden\" name=\"instance_hash\" value=\"9bb9a754\"\/>\n\t<\/div>\n<\/div><\/div><\/div><div id=\"pgc-36-2-1\"  class=\"panel-grid-cell\" ><div id=\"panel-36-2-1-0\" class=\"so-panel widget widget_text panel-first-child panel-last-child\" data-index=\"6\" ><h3 class=\"widget-title\">ENDERE\u00c7O<\/h3>\t\t\t<div class=\"textwidget\"><p>Av. Manoel Ribeiro da Fonseca, 141, Centro<\/p>\n<p>Guadalupe &#8211; Piau\u00ed<\/p>\n<p>CEP 64.840-000<\/p>\n<p>+55 (89) 99947-4320<\/p>\n<p>Clique aqui para falar conosco:<\/p>\n<p><a href=\"https:\/\/wa.me\/558999474320\" target=\"_blank\" rel=\"noopener\"><img loading=\"lazy\" decoding=\"async\" class=\"alignnone wp-image-81\" src=\"https:\/\/solucaoparavoce.com\/wp-content\/uploads\/2023\/06\/whats.png\" alt=\"\" width=\"90\" height=\"41\" \/><\/a><a href=\"https:\/\/www.instagram.com\/nw.soluti0ns\/\" target=\"_blank\" rel=\"noopener\"><img loading=\"lazy\" decoding=\"async\" class=\"alignnone wp-image-73\" src=\"https:\/\/solucaoparavoce.com\/wp-content\/uploads\/2023\/06\/Insta.png\" alt=\"\" width=\"90\" height=\"41\" \/><\/a><a href=\"https:\/\/www.facebook.com\/solucaopv\/\" target=\"_blank\" rel=\"noopener\"><img loading=\"lazy\" decoding=\"async\" class=\"alignnone wp-image-204\" src=\"https:\/\/solucaoparavoce.com\/wp-content\/uploads\/2023\/06\/fblogo.png\" alt=\"\" width=\"90\" height=\"41\" \/><\/a><a href=\"https:\/\/www.linkedin.com\/company\/solucaopv\/\" target=\"_blank\" rel=\"noopener\"><img loading=\"lazy\" decoding=\"async\" class=\"alignnone wp-image-205\" src=\"https:\/\/solucaoparavoce.com\/wp-content\/uploads\/2023\/06\/linklogo.png\" alt=\"\" width=\"90\" height=\"42\" \/><\/a><\/p>\n<\/div>\n\t\t<\/div><\/div><\/div><\/div>","protected":false},"excerpt":{"rendered":"<p>ENDERE\u00c7O Av. Manoel Ribeiro da Fonseca, 141, Centro Guadalupe &#8211; Piau\u00ed CEP 64.840-000 +55 (89) 99947-4320 Clique aqui para falar conosco:<\/p>\n","protected":false},"author":1,"featured_media":0,"parent":0,"menu_order":0,"comment_status":"closed","ping_status":"closed","template":"home-panels.php","meta":{"footnotes":""},"class_list":["post-36","page","type-page","status-publish","hentry","post","post-with-thumbnail","post-with-thumbnail-large"],"_links":{"self":[{"href":"https:\/\/solucaoparavoce.com\/index.php\/wp-json\/wp\/v2\/pages\/36","targetHints":{"allow":["GET"]}}],"collection":[{"href":"https:\/\/solucaoparavoce.com\/index.php\/wp-json\/wp\/v2\/pages"}],"about":[{"href":"https:\/\/solucaoparavoce.com\/index.php\/wp-json\/wp\/v2\/types\/page"}],"author":[{"embeddable":true,"href":"https:\/\/solucaoparavoce.com\/index.php\/wp-json\/wp\/v2\/users\/1"}],"replies":[{"embeddable":true,"href":"https:\/\/solucaoparavoce.com\/index.php\/wp-json\/wp\/v2\/comments?post=36"}],"version-history":[{"count":13,"href":"https:\/\/solucaoparavoce.com\/index.php\/wp-json\/wp\/v2\/pages\/36\/revisions"}],"predecessor-version":[{"id":212,"href":"https:\/\/solucaoparavoce.com\/index.php\/wp-json\/wp\/v2\/pages\/36\/revisions\/212"}],"wp:attachment":[{"href":"https:\/\/solucaoparavoce.com\/index.php\/wp-json\/wp\/v2\/media?parent=36"}],"curies":[{"name":"wp","href":"https:\/\/api.w.org\/{rel}","templated":true}]}}