{"id":85,"date":"2023-06-09T14:46:30","date_gmt":"2023-06-09T17:46:30","guid":{"rendered":"https:\/\/solucaoparavoce.com\/?page_id=85"},"modified":"2024-07-19T15:46:15","modified_gmt":"2024-07-19T18:46:15","slug":"a-empresa","status":"publish","type":"page","link":"https:\/\/solucaoparavoce.com\/index.php\/a-empresa\/","title":{"rendered":"A Empresa"},"content":{"rendered":"<p><strong>Quem somos<\/strong><\/p>\n<p>Somos uma empresa especializada em consultoria e tecnologia da informa\u00e7\u00e3o. Nosso diferencial est\u00e1 na habilidade para a concep\u00e7\u00e3o e implanta\u00e7\u00e3o de projetos e solu\u00e7\u00f5es de tecnologia.<\/p>\n<p>A Networks Solutions \u00e9 um conceito agregador no desenvolvimento ou manuten\u00e7\u00e3o de sistemas e condu\u00e7\u00e3o de projetos de tecnologia, podendo atuar em todos os pontos do processo de implanta\u00e7\u00e3o de sistemas e softwares ou atuar em pontos espec\u00edficos, esta linha de servi\u00e7o pode ser configurada nas seguintes modalidades:<\/p>\n<ul>\n<li>Baseline Garantida: carga hor\u00e1ria mensal pr\u00e9-definida.<\/li>\n<li>Baseline Vari\u00e1vel: carga hor\u00e1ria On Demand.<\/li>\n<\/ul>\n<p><strong>Parceria<\/strong><\/p>\n<p>Fornecemos solu\u00e7\u00f5es que direcionam \u00e0 inova\u00e7\u00e3o dos processos operacionais e administrativos dos clientes, adequando-os \u00e0s exig\u00eancias de um ambiente em constante transforma\u00e7\u00e3o.<\/p>\n<p><strong>M\u00e9todos utilizados<\/strong><\/p>\n<ul>\n<li>Visita t\u00e9cnica<\/li>\n<li>Avalia\u00e7\u00e3o de ativos<\/li>\n<li>Reuni\u00e3o de alinhamento<\/li>\n<li>Implanta\u00e7\u00e3o<\/li>\n<\/ul>\n<p><strong>Prazo de execu\u00e7\u00e3o dos servi\u00e7os<\/strong><\/p>\n<p>Para novos servi\u00e7os ou upgrades de sistemas utilizamos a seguinte tabela:<\/p>\n<p>&#8212; Implanta\u00e7\u00e3o de Infraestrutura F\u00edsica<\/p>\n<ul>\n<li>1 a 3 Meses<\/li>\n<\/ul>\n<p>&#8212; Implanta\u00e7\u00e3o de Sistemas Gerenciais<\/p>\n<ul>\n<li>3 a 6 Meses<\/li>\n<\/ul>\n<p>&#8212; Chamados t\u00e9cnicos de corre\u00e7\u00e3o<\/p>\n<p>SEVERIDADE DA OCORR\u00caNCIA \/ Prazo para retorno da identifica\u00e7\u00e3o do problema \/ Prazo para solu\u00e7\u00e3o definitiva da origem do problema<\/p>\n<ul>\n<li>REMOTO \/ 30 Minutos \/ Em at\u00e9 4 Horas<\/li>\n<li>ALTA \/ 4 Horas \/ Em at\u00e9 24 Horas<\/li>\n<li>M\u00c9DIA \/ 8 Horas \/ Em at\u00e9 48 Horas<\/li>\n<li>BAIXA \/ 24 Horas \/ Em at\u00e9 72 Horas<\/li>\n<\/ul>\n<p><strong>Plataformas tecnol\u00f3gicas<\/strong><\/p>\n<ul>\n<li>Ambientes Windows<\/li>\n<li>Ambientes Linux<\/li>\n<li>Ambientes h\u00edbridos<\/li>\n<\/ul>\n","protected":false},"excerpt":{"rendered":"<p>Quem somos Somos uma empresa especializada em consultoria e tecnologia da informa\u00e7\u00e3o. Nosso diferencial est\u00e1 na habilidade para a concep\u00e7\u00e3o e implanta\u00e7\u00e3o de projetos e solu\u00e7\u00f5es de tecnologia. A Networks Solutions \u00e9 um conceito agregador no desenvolvimento ou manuten\u00e7\u00e3o de sistemas e condu\u00e7\u00e3o de projetos de tecnologia, podendo atuar em todos os pontos do processo [&hellip;]<\/p>\n","protected":false},"author":1,"featured_media":0,"parent":0,"menu_order":0,"comment_status":"closed","ping_status":"closed","template":"","meta":{"footnotes":""},"class_list":["post-85","page","type-page","status-publish","hentry","post"],"_links":{"self":[{"href":"https:\/\/solucaoparavoce.com\/index.php\/wp-json\/wp\/v2\/pages\/85","targetHints":{"allow":["GET"]}}],"collection":[{"href":"https:\/\/solucaoparavoce.com\/index.php\/wp-json\/wp\/v2\/pages"}],"about":[{"href":"https:\/\/solucaoparavoce.com\/index.php\/wp-json\/wp\/v2\/types\/page"}],"author":[{"embeddable":true,"href":"https:\/\/solucaoparavoce.com\/index.php\/wp-json\/wp\/v2\/users\/1"}],"replies":[{"embeddable":true,"href":"https:\/\/solucaoparavoce.com\/index.php\/wp-json\/wp\/v2\/comments?post=85"}],"version-history":[{"count":10,"href":"https:\/\/solucaoparavoce.com\/index.php\/wp-json\/wp\/v2\/pages\/85\/revisions"}],"predecessor-version":[{"id":132,"href":"https:\/\/solucaoparavoce.com\/index.php\/wp-json\/wp\/v2\/pages\/85\/revisions\/132"}],"wp:attachment":[{"href":"https:\/\/solucaoparavoce.com\/index.php\/wp-json\/wp\/v2\/media?parent=85"}],"curies":[{"name":"wp","href":"https:\/\/api.w.org\/{rel}","templated":true}]}}